{"id":53,"date":"2018-12-11T07:48:58","date_gmt":"2018-12-11T07:48:58","guid":{"rendered":"https:\/\/www.airpackagingmachine.com\/?page_id=53"},"modified":"2025-02-23T11:25:19","modified_gmt":"2025-02-23T11:25:19","slug":"mapa-stranice","status":"publish","type":"page","link":"https:\/\/www.airpackagingmachine.com\/hr\/site-map\/","title":{"rendered":"Mapa stranice"},"content":{"rendered":"<div class=\"fusion-fullwidth fullwidth-box fusion-builder-row-1 nonhundred-percent-fullwidth non-hundred-percent-height-scrolling\" style=\"--awb-border-radius-top-left:0px;--awb-border-radius-top-right:0px;--awb-border-radius-bottom-right:0px;--awb-border-radius-bottom-left:0px;--awb-flex-wrap:wrap;\" ><div class=\"fusion-builder-row fusion-row\"><div class=\"fusion-layout-column fusion_builder_column fusion-builder-column-0 fusion_builder_column_1_4 1_4 fusion-one-fourth fusion-column-first\" style=\"--awb-bg-size:cover;width:25%;width:calc(25% - ( ( 4% ) * 0.25 ) );margin-right: 4%;\"><div class=\"fusion-column-wrapper fusion-flex-column-wrapper-legacy\"><div class=\"fusion-text fusion-text-1\"><p><a href=\"https:\/\/www.airpackagingmachine.com\/hr\/\" target=\"_blank\" rel=\"noopener noreferrer\">Dom<\/a><\/p>\n<p><a href=\"https:\/\/www.airpackagingmachine.com\/hr\/o-nama\/\" target=\"_blank\" rel=\"noopener noreferrer\">O nama<\/a><\/p>\n<p><a href=\"https:\/\/www.airpackagingmachine.com\/hr\/kontaktirajte-nas\/\" target=\"_blank\" rel=\"noopener noreferrer\">Kontaktirajte nas<\/a><\/p>\n<p><a href=\"https:\/\/www.airpackagingmachine.com\/hr\/resursi\/\" target=\"_blank\" rel=\"noopener noreferrer\">Resursi<\/a><\/p>\n<p><a href=\"https:\/\/www.airpackagingmachine.com\/hr\/blog\/\" target=\"_blank\" rel=\"noopener noreferrer\">Blog<\/a><\/p>\n<\/div><div class=\"fusion-clearfix\"><\/div><\/div><\/div><div class=\"fusion-layout-column fusion_builder_column fusion-builder-column-1 fusion_builder_column_3_4 3_4 fusion-three-fourth fusion-column-last\" style=\"--awb-bg-size:cover;width:75%;width:calc(75% - ( ( 4% ) * 0.75 ) );\"><div class=\"fusion-column-wrapper fusion-flex-column-wrapper-legacy\"><div class=\"fusion-text fusion-text-2\" style=\"--awb-text-transform:none;\"><p><a href=\"https:\/\/www.airpackagingmachine.com\/hr\/proizvod\/\" target=\"_blank\" rel=\"noopener noreferrer\">Proizvodi<\/a><\/p>\n<ul>\n<li class=\"p1\"><a href=\"https:\/\/www.airpackagingmachine.com\/hr\/stroj-za-zracni-jastuk\/\" target=\"_blank\" rel=\"noopener noreferrer\"><span class=\"s1\">Stroj sa zra\u010dnim jastukom<\/span><\/a><\/li>\n<li class=\"p1\"><a href=\"https:\/\/www.airpackagingmachine.com\/hr\/pakiranje-zrakom\/\" target=\"_blank\" rel=\"noopener noreferrer\"><span class=\"s1\">Zra\u010dno pakiranje<\/span><\/a><\/li>\n<\/ul>\n<ul>\n<li><a href=\"https:\/\/www.airpackagingmachine.com\/hr\/papir-za-zamatanje-u-obliku-saca\/\" target=\"_blank\" rel=\"noopener\">Papir za zamatanje u obliku sa\u0107a<\/a><\/li>\n<li><a href=\"https:\/\/www.airpackagingmachine.com\/hr\/stroj-za-sacasti-papir\/\" target=\"_blank\" rel=\"noopener\">Stroj za sa\u0107asti papir<\/a><\/li>\n<li><a href=\"https:\/\/www.airpackagingmachine.com\/hr\/strojevi-za-izradu-saca-od-papira\/\" target=\"_blank\" rel=\"noopener\">Strojevi za sa\u0107e od papira<\/a><\/li>\n<\/ul>\n<ul>\n<li><a href=\"https:\/\/www.airpackagingmachine.com\/hr\/omot-od-papira-s-mjehuricima\/\" target=\"_blank\" rel=\"noopener\">Omotavanje papirom s mjehuri\u0107ima<\/a><\/li>\n<li><a href=\"https:\/\/www.airpackagingmachine.com\/hr\/stroj-za-balone-od-papira\/\" target=\"_blank\" rel=\"noopener\">Stroj za balone od papira<\/a><\/li>\n<\/ul>\n<ul>\n<li><a href=\"https:\/\/www.airpackagingmachine.com\/hr\/zracna-vreca-za-zastitu-od-pozara\/\" target=\"_blank\" rel=\"noopener\">Vre\u0107e za za\u0161titu od po\u017eara<\/a><\/li>\n<li><a href=\"https:\/\/www.airpackagingmachine.com\/hr\/napuhivac-vreca-za-zastitu-od-pozara\/\" target=\"_blank\" rel=\"noopener\">Napuhiva\u010d vre\u0107a za za\u0161titu od po\u017eara<\/a><\/li>\n<\/ul>\n<ul>\n<li><a href=\"https:\/\/www.airpackagingmachine.com\/hr\/rastezljiva-folija\/\" target=\"_blank\" rel=\"noopener\">Stretch folija<\/a><\/li>\n<li><a href=\"https:\/\/www.airpackagingmachine.com\/hr\/omotac-paleta\/\" target=\"_blank\" rel=\"noopener\">Omota\u010d paleta<\/a><\/li>\n<\/ul>\n<\/div><div class=\"fusion-clearfix\"><\/div><\/div><\/div><\/div><\/div>","protected":false},"excerpt":{"rendered":"","protected":false},"author":1,"featured_media":0,"parent":0,"menu_order":0,"comment_status":"closed","ping_status":"closed","template":"","meta":{"om_disable_all_campaigns":false,"_exactmetrics_skip_tracking":false,"_exactmetrics_sitenote_active":false,"_exactmetrics_sitenote_note":"","_exactmetrics_sitenote_category":0,"footnotes":""},"class_list":["post-53","page","type-page","status-publish","hentry"],"yoast_head":"<!-- This site is optimized with the Yoast SEO plugin v27.4 - https:\/\/yoast.com\/product\/yoast-seo-wordpress\/ -->\n<title>Site Map - AirPackagingMachine.com<\/title>\n<meta name=\"description\" content=\"Site Map of air cushion machine and bubble wrap protective packaging supplies\" \/>\n<meta name=\"robots\" content=\"index, follow, max-snippet:-1, max-image-preview:large, max-video-preview:-1\" \/>\n<link rel=\"canonical\" href=\"https:\/\/www.airpackagingmachine.com\/hr\/mapa-stranice\/\" \/>\n<meta property=\"og:locale\" content=\"hr_HR\" \/>\n<meta property=\"og:type\" content=\"article\" \/>\n<meta property=\"og:title\" content=\"Site Map - AirPackagingMachine.com\" \/>\n<meta property=\"og:description\" content=\"Site Map of air cushion machine and bubble wrap protective packaging supplies\" \/>\n<meta property=\"og:url\" content=\"https:\/\/www.airpackagingmachine.com\/hr\/mapa-stranice\/\" \/>\n<meta property=\"og:site_name\" content=\"AirPackagingMachine.com\" \/>\n<meta property=\"article:modified_time\" content=\"2025-02-23T11:25:19+00:00\" \/>\n<meta name=\"twitter:card\" content=\"summary_large_image\" \/>\n<meta name=\"twitter:label1\" content=\"Procijenjeno vrijeme \u010ditanja\" \/>\n\t<meta name=\"twitter:data1\" content=\"1 minuta\" \/>\n<script type=\"application\/ld+json\" class=\"yoast-schema-graph\">{\"@context\":\"https:\\\/\\\/schema.org\",\"@graph\":[{\"@type\":\"WebPage\",\"@id\":\"https:\\\/\\\/www.airpackagingmachine.com\\\/site-map\\\/\",\"url\":\"https:\\\/\\\/www.airpackagingmachine.com\\\/site-map\\\/\",\"name\":\"Site Map - AirPackagingMachine.com\",\"isPartOf\":{\"@id\":\"https:\\\/\\\/www.airpackagingmachine.com\\\/#website\"},\"datePublished\":\"2018-12-11T07:48:58+00:00\",\"dateModified\":\"2025-02-23T11:25:19+00:00\",\"description\":\"Site Map of air cushion machine and bubble wrap protective packaging supplies\",\"breadcrumb\":{\"@id\":\"https:\\\/\\\/www.airpackagingmachine.com\\\/site-map\\\/#breadcrumb\"},\"inLanguage\":\"hr\",\"potentialAction\":[{\"@type\":\"ReadAction\",\"target\":[\"https:\\\/\\\/www.airpackagingmachine.com\\\/site-map\\\/\"]}]},{\"@type\":\"BreadcrumbList\",\"@id\":\"https:\\\/\\\/www.airpackagingmachine.com\\\/site-map\\\/#breadcrumb\",\"itemListElement\":[{\"@type\":\"ListItem\",\"position\":1,\"name\":\"Home\",\"item\":\"https:\\\/\\\/www.airpackagingmachine.com\\\/\"},{\"@type\":\"ListItem\",\"position\":2,\"name\":\"Site Map\"}]},{\"@type\":\"WebSite\",\"@id\":\"https:\\\/\\\/www.airpackagingmachine.com\\\/#website\",\"url\":\"https:\\\/\\\/www.airpackagingmachine.com\\\/\",\"name\":\"AirPackagingMachine.com\",\"description\":\"Protective Packaging Materials and Machines Manufacturer and Supplier\",\"potentialAction\":[{\"@type\":\"SearchAction\",\"target\":{\"@type\":\"EntryPoint\",\"urlTemplate\":\"https:\\\/\\\/www.airpackagingmachine.com\\\/?s={search_term_string}\"},\"query-input\":{\"@type\":\"PropertyValueSpecification\",\"valueRequired\":true,\"valueName\":\"search_term_string\"}}],\"inLanguage\":\"hr\"}]}<\/script>\n<!-- \/ Yoast SEO plugin. -->","yoast_head_json":{"title":"Mapa stranice - AirPackagingMachine.com","description":"Mapa stranice za strojeve za zra\u010dne jastuke i za\u0161titne materijale za pakiranje s mjehuri\u0107astom folijom","robots":{"index":"index","follow":"follow","max-snippet":"max-snippet:-1","max-image-preview":"max-image-preview:large","max-video-preview":"max-video-preview:-1"},"canonical":"https:\/\/www.airpackagingmachine.com\/hr\/mapa-stranice\/","og_locale":"hr_HR","og_type":"article","og_title":"Site Map - AirPackagingMachine.com","og_description":"Site Map of air cushion machine and bubble wrap protective packaging supplies","og_url":"https:\/\/www.airpackagingmachine.com\/hr\/mapa-stranice\/","og_site_name":"AirPackagingMachine.com","article_modified_time":"2025-02-23T11:25:19+00:00","twitter_card":"summary_large_image","twitter_misc":{"Procijenjeno vrijeme \u010ditanja":"1 minuta"},"schema":{"@context":"https:\/\/schema.org","@graph":[{"@type":"WebPage","@id":"https:\/\/www.airpackagingmachine.com\/site-map\/","url":"https:\/\/www.airpackagingmachine.com\/site-map\/","name":"Mapa stranice - AirPackagingMachine.com","isPartOf":{"@id":"https:\/\/www.airpackagingmachine.com\/#website"},"datePublished":"2018-12-11T07:48:58+00:00","dateModified":"2025-02-23T11:25:19+00:00","description":"Mapa stranice za strojeve za zra\u010dne jastuke i za\u0161titne materijale za pakiranje s mjehuri\u0107astom folijom","breadcrumb":{"@id":"https:\/\/www.airpackagingmachine.com\/site-map\/#breadcrumb"},"inLanguage":"hr","potentialAction":[{"@type":"ReadAction","target":["https:\/\/www.airpackagingmachine.com\/site-map\/"]}]},{"@type":"BreadcrumbList","@id":"https:\/\/www.airpackagingmachine.com\/site-map\/#breadcrumb","itemListElement":[{"@type":"ListItem","position":1,"name":"Home","item":"https:\/\/www.airpackagingmachine.com\/"},{"@type":"ListItem","position":2,"name":"Site Map"}]},{"@type":"WebSite","@id":"https:\/\/www.airpackagingmachine.com\/#website","url":"https:\/\/www.airpackagingmachine.com\/","name":"AirPackagingMachine.com","description":"Proizvo\u0111a\u010d i dobavlja\u010d za\u0161titnih materijala i strojeva za pakiranje","potentialAction":[{"@type":"SearchAction","target":{"@type":"EntryPoint","urlTemplate":"https:\/\/www.airpackagingmachine.com\/?s={search_term_string}"},"query-input":{"@type":"PropertyValueSpecification","valueRequired":true,"valueName":"search_term_string"}}],"inLanguage":"hr"}]}},"_links":{"self":[{"href":"https:\/\/www.airpackagingmachine.com\/hr\/wp-json\/wp\/v2\/pages\/53","targetHints":{"allow":["GET"]}}],"collection":[{"href":"https:\/\/www.airpackagingmachine.com\/hr\/wp-json\/wp\/v2\/pages"}],"about":[{"href":"https:\/\/www.airpackagingmachine.com\/hr\/wp-json\/wp\/v2\/types\/page"}],"author":[{"embeddable":true,"href":"https:\/\/www.airpackagingmachine.com\/hr\/wp-json\/wp\/v2\/users\/1"}],"replies":[{"embeddable":true,"href":"https:\/\/www.airpackagingmachine.com\/hr\/wp-json\/wp\/v2\/comments?post=53"}],"version-history":[{"count":18,"href":"https:\/\/www.airpackagingmachine.com\/hr\/wp-json\/wp\/v2\/pages\/53\/revisions"}],"predecessor-version":[{"id":4698,"href":"https:\/\/www.airpackagingmachine.com\/hr\/wp-json\/wp\/v2\/pages\/53\/revisions\/4698"}],"wp:attachment":[{"href":"https:\/\/www.airpackagingmachine.com\/hr\/wp-json\/wp\/v2\/media?parent=53"}],"curies":[{"name":"radni list","href":"https:\/\/api.w.org\/{rel}","templated":true}]}}