{"id":19,"date":"2018-12-11T02:34:56","date_gmt":"2018-12-11T02:34:56","guid":{"rendered":"https:\/\/www.airpackagingmachine.com\/?page_id=19"},"modified":"2024-12-31T01:41:41","modified_gmt":"2024-12-31T01:41:41","slug":"lepjen-kapcsolatba-velunk","status":"publish","type":"page","link":"https:\/\/www.airpackagingmachine.com\/hu\/contact-us\/","title":{"rendered":"Kapcsolat"},"content":{"rendered":"<div class=\"fusion-fullwidth fullwidth-box fusion-builder-row-1 nonhundred-percent-fullwidth non-hundred-percent-height-scrolling\" style=\"--awb-border-radius-top-left:0px;--awb-border-radius-top-right:0px;--awb-border-radius-bottom-right:0px;--awb-border-radius-bottom-left:0px;--awb-flex-wrap:wrap;\" ><div class=\"fusion-builder-row fusion-row\"><div class=\"fusion-layout-column fusion_builder_column fusion-builder-column-0 fusion_builder_column_2_3 2_3 fusion-two-third fusion-column-first\" style=\"--awb-bg-size:cover;width:66.666666666667%;width:calc(66.666666666667% - ( ( 4% ) * 0.66666666666667 ) );margin-right: 4%;\"><div class=\"fusion-column-wrapper fusion-flex-column-wrapper-legacy\"><div class=\"fusion-text fusion-text-1\"><div id='wufoo-zex7u3i0h0lday'>\nFill out my <a href='https:\/\/airpackagingmachine.wufoo.com\/forms\/zex7u3i0h0lday'>online form<\/a>.\n<\/div>\n<script type='text\/javascript'>var zex7u3i0h0lday;(function(d, t) {\nvar s = d.createElement(t), options = {\n'userName'      : 'airpackagingmachine',    \n'formHash'      : 'zex7u3i0h0lday',    \n'autoResize'    :  true,   \n'height'        : '759',      \n'async'         :  true,          \n'header'        : 'show',      \n'host'          : 'wufoo.com',    \n'entSource'     : 'wordpress',   \n'defaultValues' : ''     \n,'ssl'          :  1           };\ns.src = ('https:' == d.location.protocol ? 'https:\/\/' : 'http:\/\/') + 'secure.wufoo.com\/scripts\/embed\/form.js';\ns.onload = s.onreadystatechange = function() {\nvar rs = this.readyState; if (rs) if (rs != 'complete') if (rs != 'loaded') return;\ntry { zex7u3i0h0lday = new WufooForm();zex7u3i0h0lday.initialize(options);zex7u3i0h0lday.display(); } catch (e) {}}\nvar scr = d.getElementsByTagName(t)[0], par = scr.parentNode; par.insertBefore(s, scr);\n})(document, 'script');<\/script> <noscript> <iframe height=\"759\" allowTransparency=\"true\" sandbox=\"allow-top-navigation allow-scripts allow-popups allow-forms allow-same-origin allow-popups-to-escape-sandbox\" frameborder=\"0\" scrolling=\"no\" style=\"width:100%;border:none;\"src=\"https:\/\/airpackagingmachine.wufoo.com\/embed\/zex7u3i0h0lday?entsource=wordpress\"><a href=\"https:\/\/airpackagingmachine.wufoo.com\/forms\/zex7u3i0h0lday?entsource=wordpress\" rel=\"nofollow\">Fill out my Wufoo form!<\/a><\/iframe> <\/noscript>\n<\/div><div class=\"fusion-clearfix\"><\/div><\/div><\/div><div class=\"fusion-layout-column fusion_builder_column fusion-builder-column-1 fusion_builder_column_1_3 1_3 fusion-one-third fusion-column-last\" style=\"--awb-bg-size:cover;width:33.333333333333%;width:calc(33.333333333333% - ( ( 4% ) * 0.33333333333333 ) );\"><div class=\"fusion-column-wrapper fusion-flex-column-wrapper-legacy\"><div class=\"fusion-text fusion-text-2\"><h2><strong>Distributors and <\/strong><strong>Wholesalers <\/strong><strong>Wanted!<\/strong><\/h2>\n<p>We are looking for distributors and wholesalers to cooperate to sell our packaging materials and machines around the world now, we will fully support you on the price and service, welcome contact us, thank you.<\/p>\n<\/div><div class=\"fusion-clearfix\"><\/div><\/div><\/div><\/div><\/div>\n","protected":false},"excerpt":{"rendered":"","protected":false},"author":1,"featured_media":0,"parent":0,"menu_order":0,"comment_status":"closed","ping_status":"closed","template":"","meta":{"om_disable_all_campaigns":false,"_exactmetrics_skip_tracking":false,"_exactmetrics_sitenote_active":false,"_exactmetrics_sitenote_note":"","_exactmetrics_sitenote_category":0,"footnotes":""},"class_list":["post-19","page","type-page","status-publish","hentry"],"yoast_head":"<!-- This site is optimized with the Yoast SEO plugin v27.4 - https:\/\/yoast.com\/product\/yoast-seo-wordpress\/ -->\n<title>Contact Us - AirPackagingMachine.com<\/title>\n<meta name=\"description\" content=\"Contact Us for any Protective Packaging Demands!\" \/>\n<meta name=\"robots\" content=\"index, follow, max-snippet:-1, max-image-preview:large, max-video-preview:-1\" \/>\n<link rel=\"canonical\" href=\"https:\/\/www.airpackagingmachine.com\/hu\/lepjen-kapcsolatba-velunk\/\" \/>\n<meta property=\"og:locale\" content=\"hu_HU\" \/>\n<meta property=\"og:type\" content=\"article\" \/>\n<meta property=\"og:title\" content=\"Contact Us - AirPackagingMachine.com\" \/>\n<meta property=\"og:description\" content=\"Contact Us for any Protective Packaging Demands!\" \/>\n<meta property=\"og:url\" content=\"https:\/\/www.airpackagingmachine.com\/hu\/lepjen-kapcsolatba-velunk\/\" \/>\n<meta property=\"og:site_name\" content=\"AirPackagingMachine.com\" \/>\n<meta property=\"article:modified_time\" content=\"2024-12-31T01:41:41+00:00\" \/>\n<meta name=\"twitter:card\" content=\"summary_large_image\" \/>\n<script type=\"application\/ld+json\" class=\"yoast-schema-graph\">{\"@context\":\"https:\\\/\\\/schema.org\",\"@graph\":[{\"@type\":\"WebPage\",\"@id\":\"https:\\\/\\\/www.airpackagingmachine.com\\\/contact-us\\\/\",\"url\":\"https:\\\/\\\/www.airpackagingmachine.com\\\/contact-us\\\/\",\"name\":\"Contact Us - AirPackagingMachine.com\",\"isPartOf\":{\"@id\":\"https:\\\/\\\/www.airpackagingmachine.com\\\/#website\"},\"datePublished\":\"2018-12-11T02:34:56+00:00\",\"dateModified\":\"2024-12-31T01:41:41+00:00\",\"description\":\"Contact Us for any Protective Packaging Demands!\",\"breadcrumb\":{\"@id\":\"https:\\\/\\\/www.airpackagingmachine.com\\\/contact-us\\\/#breadcrumb\"},\"inLanguage\":\"hu\",\"potentialAction\":[{\"@type\":\"ReadAction\",\"target\":[\"https:\\\/\\\/www.airpackagingmachine.com\\\/contact-us\\\/\"]}]},{\"@type\":\"BreadcrumbList\",\"@id\":\"https:\\\/\\\/www.airpackagingmachine.com\\\/contact-us\\\/#breadcrumb\",\"itemListElement\":[{\"@type\":\"ListItem\",\"position\":1,\"name\":\"Home\",\"item\":\"https:\\\/\\\/www.airpackagingmachine.com\\\/\"},{\"@type\":\"ListItem\",\"position\":2,\"name\":\"Contact Us\"}]},{\"@type\":\"WebSite\",\"@id\":\"https:\\\/\\\/www.airpackagingmachine.com\\\/#website\",\"url\":\"https:\\\/\\\/www.airpackagingmachine.com\\\/\",\"name\":\"AirPackagingMachine.com\",\"description\":\"Protective Packaging Materials and Machines Manufacturer and Supplier\",\"potentialAction\":[{\"@type\":\"SearchAction\",\"target\":{\"@type\":\"EntryPoint\",\"urlTemplate\":\"https:\\\/\\\/www.airpackagingmachine.com\\\/?s={search_term_string}\"},\"query-input\":{\"@type\":\"PropertyValueSpecification\",\"valueRequired\":true,\"valueName\":\"search_term_string\"}}],\"inLanguage\":\"hu\"}]}<\/script>\n<!-- \/ Yoast SEO plugin. -->","yoast_head_json":{"title":"Kapcsolat - AirPackagingMachine.com","description":"V\u00e9d\u0151csomagol\u00e1ssal kapcsolatos ig\u00e9nyeivel forduljon hozz\u00e1nk bizalommal!","robots":{"index":"index","follow":"follow","max-snippet":"max-snippet:-1","max-image-preview":"max-image-preview:large","max-video-preview":"max-video-preview:-1"},"canonical":"https:\/\/www.airpackagingmachine.com\/hu\/lepjen-kapcsolatba-velunk\/","og_locale":"hu_HU","og_type":"article","og_title":"Contact Us - AirPackagingMachine.com","og_description":"Contact Us for any Protective Packaging Demands!","og_url":"https:\/\/www.airpackagingmachine.com\/hu\/lepjen-kapcsolatba-velunk\/","og_site_name":"AirPackagingMachine.com","article_modified_time":"2024-12-31T01:41:41+00:00","twitter_card":"summary_large_image","schema":{"@context":"https:\/\/schema.org","@graph":[{"@type":"WebPage","@id":"https:\/\/www.airpackagingmachine.com\/contact-us\/","url":"https:\/\/www.airpackagingmachine.com\/contact-us\/","name":"Kapcsolat - AirPackagingMachine.com","isPartOf":{"@id":"https:\/\/www.airpackagingmachine.com\/#website"},"datePublished":"2018-12-11T02:34:56+00:00","dateModified":"2024-12-31T01:41:41+00:00","description":"V\u00e9d\u0151csomagol\u00e1ssal kapcsolatos ig\u00e9nyeivel forduljon hozz\u00e1nk bizalommal!","breadcrumb":{"@id":"https:\/\/www.airpackagingmachine.com\/contact-us\/#breadcrumb"},"inLanguage":"hu","potentialAction":[{"@type":"ReadAction","target":["https:\/\/www.airpackagingmachine.com\/contact-us\/"]}]},{"@type":"BreadcrumbList","@id":"https:\/\/www.airpackagingmachine.com\/contact-us\/#breadcrumb","itemListElement":[{"@type":"ListItem","position":1,"name":"Home","item":"https:\/\/www.airpackagingmachine.com\/"},{"@type":"ListItem","position":2,"name":"Contact Us"}]},{"@type":"WebSite","@id":"https:\/\/www.airpackagingmachine.com\/#website","url":"https:\/\/www.airpackagingmachine.com\/","name":"AirPackagingMachine.com","description":"V\u00e9d\u0151csomagol\u00f3 anyagok \u00e9s g\u00e9pek gy\u00e1rt\u00f3ja \u00e9s sz\u00e1ll\u00edt\u00f3ja","potentialAction":[{"@type":"SearchAction","target":{"@type":"EntryPoint","urlTemplate":"https:\/\/www.airpackagingmachine.com\/?s={search_term_string}"},"query-input":{"@type":"PropertyValueSpecification","valueRequired":true,"valueName":"search_term_string"}}],"inLanguage":"hu"}]}},"_links":{"self":[{"href":"https:\/\/www.airpackagingmachine.com\/hu\/wp-json\/wp\/v2\/pages\/19","targetHints":{"allow":["GET"]}}],"collection":[{"href":"https:\/\/www.airpackagingmachine.com\/hu\/wp-json\/wp\/v2\/pages"}],"about":[{"href":"https:\/\/www.airpackagingmachine.com\/hu\/wp-json\/wp\/v2\/types\/page"}],"author":[{"embeddable":true,"href":"https:\/\/www.airpackagingmachine.com\/hu\/wp-json\/wp\/v2\/users\/1"}],"replies":[{"embeddable":true,"href":"https:\/\/www.airpackagingmachine.com\/hu\/wp-json\/wp\/v2\/comments?post=19"}],"version-history":[{"count":27,"href":"https:\/\/www.airpackagingmachine.com\/hu\/wp-json\/wp\/v2\/pages\/19\/revisions"}],"predecessor-version":[{"id":4498,"href":"https:\/\/www.airpackagingmachine.com\/hu\/wp-json\/wp\/v2\/pages\/19\/revisions\/4498"}],"wp:attachment":[{"href":"https:\/\/www.airpackagingmachine.com\/hu\/wp-json\/wp\/v2\/media?parent=19"}],"curies":[{"name":"munkaf\u00fczet","href":"https:\/\/api.w.org\/{rel}","templated":true}]}}