{"id":53,"date":"2018-12-11T07:48:58","date_gmt":"2018-12-11T07:48:58","guid":{"rendered":"https:\/\/www.airpackagingmachine.com\/?page_id=53"},"modified":"2025-02-23T11:25:19","modified_gmt":"2025-02-23T11:25:19","slug":"oldalterkep","status":"publish","type":"page","link":"https:\/\/www.airpackagingmachine.com\/hu\/site-map\/","title":{"rendered":"Oldalt\u00e9rk\u00e9p"},"content":{"rendered":"<div class=\"fusion-fullwidth fullwidth-box fusion-builder-row-1 nonhundred-percent-fullwidth non-hundred-percent-height-scrolling\" style=\"--awb-border-radius-top-left:0px;--awb-border-radius-top-right:0px;--awb-border-radius-bottom-right:0px;--awb-border-radius-bottom-left:0px;--awb-flex-wrap:wrap;\" ><div class=\"fusion-builder-row fusion-row\"><div class=\"fusion-layout-column fusion_builder_column fusion-builder-column-0 fusion_builder_column_1_4 1_4 fusion-one-fourth fusion-column-first\" style=\"--awb-bg-size:cover;width:25%;width:calc(25% - ( ( 4% ) * 0.25 ) );margin-right: 4%;\"><div class=\"fusion-column-wrapper fusion-flex-column-wrapper-legacy\"><div class=\"fusion-text fusion-text-1\"><p><a href=\"https:\/\/www.airpackagingmachine.com\/hu\/\" target=\"_blank\" rel=\"noopener noreferrer\">Otthon<\/a><\/p>\n<p><a href=\"https:\/\/www.airpackagingmachine.com\/hu\/rolunk\/\" target=\"_blank\" rel=\"noopener noreferrer\">R\u00f3lunk<\/a><\/p>\n<p><a href=\"https:\/\/www.airpackagingmachine.com\/hu\/lepjen-kapcsolatba-velunk\/\" target=\"_blank\" rel=\"noopener noreferrer\">Kapcsolat<\/a><\/p>\n<p><a href=\"https:\/\/www.airpackagingmachine.com\/hu\/eroforras\/\" target=\"_blank\" rel=\"noopener noreferrer\">Er\u0151forr\u00e1s<\/a><\/p>\n<p><a href=\"https:\/\/www.airpackagingmachine.com\/hu\/blog\/\" target=\"_blank\" rel=\"noopener noreferrer\">Blog<\/a><\/p>\n<\/div><div class=\"fusion-clearfix\"><\/div><\/div><\/div><div class=\"fusion-layout-column fusion_builder_column fusion-builder-column-1 fusion_builder_column_3_4 3_4 fusion-three-fourth fusion-column-last\" style=\"--awb-bg-size:cover;width:75%;width:calc(75% - ( ( 4% ) * 0.75 ) );\"><div class=\"fusion-column-wrapper fusion-flex-column-wrapper-legacy\"><div class=\"fusion-text fusion-text-2\" style=\"--awb-text-transform:none;\"><p><a href=\"https:\/\/www.airpackagingmachine.com\/hu\/termek\/\" target=\"_blank\" rel=\"noopener noreferrer\">Term\u00e9kek<\/a><\/p>\n<ul>\n<li class=\"p1\"><a href=\"https:\/\/www.airpackagingmachine.com\/hu\/legparnas-gep\/\" target=\"_blank\" rel=\"noopener noreferrer\"><span class=\"s1\">L\u00e9gp\u00e1rn\u00e1s g\u00e9p<\/span><\/a><\/li>\n<li class=\"p1\"><a href=\"https:\/\/www.airpackagingmachine.com\/hu\/levegos-csomagolas\/\" target=\"_blank\" rel=\"noopener noreferrer\"><span class=\"s1\">L\u00e9gcsomagol\u00e1s<\/span><\/a><\/li>\n<\/ul>\n<ul>\n<li><a href=\"https:\/\/www.airpackagingmachine.com\/hu\/mehsejt-csomagolopapir\/\" target=\"_blank\" rel=\"noopener\">M\u00e9hsejt csomagol\u00f3pap\u00edr<\/a><\/li>\n<li><a href=\"https:\/\/www.airpackagingmachine.com\/hu\/mehsejt-papirgep\/\" target=\"_blank\" rel=\"noopener\">M\u00e9hsejt pap\u00edrg\u00e9p<\/a><\/li>\n<li><a href=\"https:\/\/www.airpackagingmachine.com\/hu\/papir-mehsejt-gepek\/\" target=\"_blank\" rel=\"noopener\">Pap\u00edr m\u00e9hsejt g\u00e9pek<\/a><\/li>\n<\/ul>\n<ul>\n<li><a href=\"https:\/\/www.airpackagingmachine.com\/hu\/buborekos-papirfolia\/\" target=\"_blank\" rel=\"noopener\">Bubor\u00e9kos pap\u00edrf\u00f3lia<\/a><\/li>\n<li><a href=\"https:\/\/www.airpackagingmachine.com\/hu\/papirbuborek-gep\/\" target=\"_blank\" rel=\"noopener\">Pap\u00edrbubor\u00e9k-g\u00e9p<\/a><\/li>\n<\/ul>\n<ul>\n<li><a href=\"https:\/\/www.airpackagingmachine.com\/hu\/legzsak-2\/\" target=\"_blank\" rel=\"noopener\">L\u00e9gzs\u00e1kok<\/a><\/li>\n<li><a href=\"https:\/\/www.airpackagingmachine.com\/hu\/legzsak-felfujo\/\" target=\"_blank\" rel=\"noopener\">L\u00e9gzs\u00e1k felf\u00faj\u00f3<\/a><\/li>\n<\/ul>\n<ul>\n<li><a href=\"https:\/\/www.airpackagingmachine.com\/hu\/stretch-folia\/\" target=\"_blank\" rel=\"noopener\">Stretch f\u00f3lia<\/a><\/li>\n<li><a href=\"https:\/\/www.airpackagingmachine.com\/hu\/raklapcsomagolo\/\" target=\"_blank\" rel=\"noopener\">Raklapcsomagol\u00f3<\/a><\/li>\n<\/ul>\n<\/div><div class=\"fusion-clearfix\"><\/div><\/div><\/div><\/div><\/div>","protected":false},"excerpt":{"rendered":"","protected":false},"author":1,"featured_media":0,"parent":0,"menu_order":0,"comment_status":"closed","ping_status":"closed","template":"","meta":{"om_disable_all_campaigns":false,"_exactmetrics_skip_tracking":false,"_exactmetrics_sitenote_active":false,"_exactmetrics_sitenote_note":"","_exactmetrics_sitenote_category":0,"footnotes":""},"class_list":["post-53","page","type-page","status-publish","hentry"],"yoast_head":"<!-- This site is optimized with the Yoast SEO plugin v27.4 - https:\/\/yoast.com\/product\/yoast-seo-wordpress\/ -->\n<title>Site Map - AirPackagingMachine.com<\/title>\n<meta name=\"description\" content=\"Site Map of air cushion machine and bubble wrap protective packaging supplies\" \/>\n<meta name=\"robots\" content=\"index, follow, max-snippet:-1, max-image-preview:large, max-video-preview:-1\" \/>\n<link rel=\"canonical\" href=\"https:\/\/www.airpackagingmachine.com\/hu\/oldalterkep\/\" \/>\n<meta property=\"og:locale\" content=\"hu_HU\" \/>\n<meta property=\"og:type\" content=\"article\" \/>\n<meta property=\"og:title\" content=\"Site Map - AirPackagingMachine.com\" \/>\n<meta property=\"og:description\" content=\"Site Map of air cushion machine and bubble wrap protective packaging supplies\" \/>\n<meta property=\"og:url\" content=\"https:\/\/www.airpackagingmachine.com\/hu\/oldalterkep\/\" \/>\n<meta property=\"og:site_name\" content=\"AirPackagingMachine.com\" \/>\n<meta property=\"article:modified_time\" content=\"2025-02-23T11:25:19+00:00\" \/>\n<meta name=\"twitter:card\" content=\"summary_large_image\" \/>\n<meta name=\"twitter:label1\" content=\"Becs\u00fclt olvas\u00e1si id\u0151\" \/>\n\t<meta name=\"twitter:data1\" content=\"1 perc\" \/>\n<script type=\"application\/ld+json\" class=\"yoast-schema-graph\">{\"@context\":\"https:\\\/\\\/schema.org\",\"@graph\":[{\"@type\":\"WebPage\",\"@id\":\"https:\\\/\\\/www.airpackagingmachine.com\\\/site-map\\\/\",\"url\":\"https:\\\/\\\/www.airpackagingmachine.com\\\/site-map\\\/\",\"name\":\"Site Map - AirPackagingMachine.com\",\"isPartOf\":{\"@id\":\"https:\\\/\\\/www.airpackagingmachine.com\\\/#website\"},\"datePublished\":\"2018-12-11T07:48:58+00:00\",\"dateModified\":\"2025-02-23T11:25:19+00:00\",\"description\":\"Site Map of air cushion machine and bubble wrap protective packaging supplies\",\"breadcrumb\":{\"@id\":\"https:\\\/\\\/www.airpackagingmachine.com\\\/site-map\\\/#breadcrumb\"},\"inLanguage\":\"hu\",\"potentialAction\":[{\"@type\":\"ReadAction\",\"target\":[\"https:\\\/\\\/www.airpackagingmachine.com\\\/site-map\\\/\"]}]},{\"@type\":\"BreadcrumbList\",\"@id\":\"https:\\\/\\\/www.airpackagingmachine.com\\\/site-map\\\/#breadcrumb\",\"itemListElement\":[{\"@type\":\"ListItem\",\"position\":1,\"name\":\"Home\",\"item\":\"https:\\\/\\\/www.airpackagingmachine.com\\\/\"},{\"@type\":\"ListItem\",\"position\":2,\"name\":\"Site Map\"}]},{\"@type\":\"WebSite\",\"@id\":\"https:\\\/\\\/www.airpackagingmachine.com\\\/#website\",\"url\":\"https:\\\/\\\/www.airpackagingmachine.com\\\/\",\"name\":\"AirPackagingMachine.com\",\"description\":\"Protective Packaging Materials and Machines Manufacturer and Supplier\",\"potentialAction\":[{\"@type\":\"SearchAction\",\"target\":{\"@type\":\"EntryPoint\",\"urlTemplate\":\"https:\\\/\\\/www.airpackagingmachine.com\\\/?s={search_term_string}\"},\"query-input\":{\"@type\":\"PropertyValueSpecification\",\"valueRequired\":true,\"valueName\":\"search_term_string\"}}],\"inLanguage\":\"hu\"}]}<\/script>\n<!-- \/ Yoast SEO plugin. -->","yoast_head_json":{"title":"Oldalt\u00e9rk\u00e9p - AirPackagingMachine.com","description":"L\u00e9gp\u00e1rn\u00e1s g\u00e9p \u00e9s bubor\u00e9kf\u00f3li\u00e1s v\u00e9d\u0151csomagol\u00f3 kell\u00e9kek oldalt\u00e9rk\u00e9pe","robots":{"index":"index","follow":"follow","max-snippet":"max-snippet:-1","max-image-preview":"max-image-preview:large","max-video-preview":"max-video-preview:-1"},"canonical":"https:\/\/www.airpackagingmachine.com\/hu\/oldalterkep\/","og_locale":"hu_HU","og_type":"article","og_title":"Site Map - AirPackagingMachine.com","og_description":"Site Map of air cushion machine and bubble wrap protective packaging supplies","og_url":"https:\/\/www.airpackagingmachine.com\/hu\/oldalterkep\/","og_site_name":"AirPackagingMachine.com","article_modified_time":"2025-02-23T11:25:19+00:00","twitter_card":"summary_large_image","twitter_misc":{"Becs\u00fclt olvas\u00e1si id\u0151":"1 perc"},"schema":{"@context":"https:\/\/schema.org","@graph":[{"@type":"WebPage","@id":"https:\/\/www.airpackagingmachine.com\/site-map\/","url":"https:\/\/www.airpackagingmachine.com\/site-map\/","name":"Oldalt\u00e9rk\u00e9p - AirPackagingMachine.com","isPartOf":{"@id":"https:\/\/www.airpackagingmachine.com\/#website"},"datePublished":"2018-12-11T07:48:58+00:00","dateModified":"2025-02-23T11:25:19+00:00","description":"L\u00e9gp\u00e1rn\u00e1s g\u00e9p \u00e9s bubor\u00e9kf\u00f3li\u00e1s v\u00e9d\u0151csomagol\u00f3 kell\u00e9kek oldalt\u00e9rk\u00e9pe","breadcrumb":{"@id":"https:\/\/www.airpackagingmachine.com\/site-map\/#breadcrumb"},"inLanguage":"hu","potentialAction":[{"@type":"ReadAction","target":["https:\/\/www.airpackagingmachine.com\/site-map\/"]}]},{"@type":"BreadcrumbList","@id":"https:\/\/www.airpackagingmachine.com\/site-map\/#breadcrumb","itemListElement":[{"@type":"ListItem","position":1,"name":"Home","item":"https:\/\/www.airpackagingmachine.com\/"},{"@type":"ListItem","position":2,"name":"Site Map"}]},{"@type":"WebSite","@id":"https:\/\/www.airpackagingmachine.com\/#website","url":"https:\/\/www.airpackagingmachine.com\/","name":"AirPackagingMachine.com","description":"V\u00e9d\u0151csomagol\u00f3 anyagok \u00e9s g\u00e9pek gy\u00e1rt\u00f3ja \u00e9s sz\u00e1ll\u00edt\u00f3ja","potentialAction":[{"@type":"SearchAction","target":{"@type":"EntryPoint","urlTemplate":"https:\/\/www.airpackagingmachine.com\/?s={search_term_string}"},"query-input":{"@type":"PropertyValueSpecification","valueRequired":true,"valueName":"search_term_string"}}],"inLanguage":"hu"}]}},"_links":{"self":[{"href":"https:\/\/www.airpackagingmachine.com\/hu\/wp-json\/wp\/v2\/pages\/53","targetHints":{"allow":["GET"]}}],"collection":[{"href":"https:\/\/www.airpackagingmachine.com\/hu\/wp-json\/wp\/v2\/pages"}],"about":[{"href":"https:\/\/www.airpackagingmachine.com\/hu\/wp-json\/wp\/v2\/types\/page"}],"author":[{"embeddable":true,"href":"https:\/\/www.airpackagingmachine.com\/hu\/wp-json\/wp\/v2\/users\/1"}],"replies":[{"embeddable":true,"href":"https:\/\/www.airpackagingmachine.com\/hu\/wp-json\/wp\/v2\/comments?post=53"}],"version-history":[{"count":18,"href":"https:\/\/www.airpackagingmachine.com\/hu\/wp-json\/wp\/v2\/pages\/53\/revisions"}],"predecessor-version":[{"id":4698,"href":"https:\/\/www.airpackagingmachine.com\/hu\/wp-json\/wp\/v2\/pages\/53\/revisions\/4698"}],"wp:attachment":[{"href":"https:\/\/www.airpackagingmachine.com\/hu\/wp-json\/wp\/v2\/media?parent=53"}],"curies":[{"name":"munkaf\u00fczet","href":"https:\/\/api.w.org\/{rel}","templated":true}]}}