{"id":53,"date":"2018-12-11T07:48:58","date_gmt":"2018-12-11T07:48:58","guid":{"rendered":"https:\/\/www.airpackagingmachine.com\/?page_id=53"},"modified":"2025-02-23T11:25:19","modified_gmt":"2025-02-23T11:25:19","slug":"harta-site-ului","status":"publish","type":"page","link":"https:\/\/www.airpackagingmachine.com\/ro_ro\/site-map\/","title":{"rendered":"Harta site-ului"},"content":{"rendered":"<div class=\"fusion-fullwidth fullwidth-box fusion-builder-row-1 nonhundred-percent-fullwidth non-hundred-percent-height-scrolling\" style=\"--awb-border-radius-top-left:0px;--awb-border-radius-top-right:0px;--awb-border-radius-bottom-right:0px;--awb-border-radius-bottom-left:0px;--awb-flex-wrap:wrap;\" ><div class=\"fusion-builder-row fusion-row\"><div class=\"fusion-layout-column fusion_builder_column fusion-builder-column-0 fusion_builder_column_1_4 1_4 fusion-one-fourth fusion-column-first\" style=\"--awb-bg-size:cover;width:25%;width:calc(25% - ( ( 4% ) * 0.25 ) );margin-right: 4%;\"><div class=\"fusion-column-wrapper fusion-flex-column-wrapper-legacy\"><div class=\"fusion-text fusion-text-1\"><p><a href=\"https:\/\/www.airpackagingmachine.com\/ro_ro\/\" target=\"_blank\" rel=\"noopener noreferrer\">Acas\u0103<\/a><\/p>\n<p><a href=\"https:\/\/www.airpackagingmachine.com\/ro_ro\/despre-noi\/\" target=\"_blank\" rel=\"noopener noreferrer\">Despre noi<\/a><\/p>\n<p><a href=\"https:\/\/www.airpackagingmachine.com\/ro_ro\/contactati-ne\/\" target=\"_blank\" rel=\"noopener noreferrer\">Contacta\u0163i-ne<\/a><\/p>\n<p><a href=\"https:\/\/www.airpackagingmachine.com\/ro_ro\/resurse\/\" target=\"_blank\" rel=\"noopener noreferrer\">Resurse<\/a><\/p>\n<p><a href=\"https:\/\/www.airpackagingmachine.com\/ro_ro\/blog\/\" target=\"_blank\" rel=\"noopener noreferrer\">Blog<\/a><\/p>\n<\/div><div class=\"fusion-clearfix\"><\/div><\/div><\/div><div class=\"fusion-layout-column fusion_builder_column fusion-builder-column-1 fusion_builder_column_3_4 3_4 fusion-three-fourth fusion-column-last\" style=\"--awb-bg-size:cover;width:75%;width:calc(75% - ( ( 4% ) * 0.75 ) );\"><div class=\"fusion-column-wrapper fusion-flex-column-wrapper-legacy\"><div class=\"fusion-text fusion-text-2\" style=\"--awb-text-transform:none;\"><p><a href=\"https:\/\/www.airpackagingmachine.com\/ro_ro\/produs\/\" target=\"_blank\" rel=\"noopener noreferrer\">Produse<\/a><\/p>\n<ul>\n<li class=\"p1\"><a href=\"https:\/\/www.airpackagingmachine.com\/ro_ro\/masina-cu-perna-de-aer\/\" target=\"_blank\" rel=\"noopener noreferrer\"><span class=\"s1\">Ma\u0219in\u0103 cu pern\u0103 de aer<\/span><\/a><\/li>\n<li class=\"p1\"><a href=\"https:\/\/www.airpackagingmachine.com\/ro_ro\/ambalaj-aerian\/\" target=\"_blank\" rel=\"noopener noreferrer\"><span class=\"s1\">Ambalaj aerian<\/span><\/a><\/li>\n<\/ul>\n<ul>\n<li><a href=\"https:\/\/www.airpackagingmachine.com\/ro_ro\/hartie-de-impachetat-cu-fagure-de-miere\/\" target=\"_blank\" rel=\"noopener\">H\u00e2rtie de \u00eempachetat cu fagure de miere<\/a><\/li>\n<li><a href=\"https:\/\/www.airpackagingmachine.com\/ro_ro\/masina-de-hartie-cu-fagure-de-miere\/\" target=\"_blank\" rel=\"noopener\">Ma\u0219in\u0103 de h\u00e2rtie cu fagure de miere<\/a><\/li>\n<li><a href=\"https:\/\/www.airpackagingmachine.com\/ro_ro\/masini-de-fabricat-fagure-de-miere-din-hartie\/\" target=\"_blank\" rel=\"noopener\">Ma\u0219ini de fabricat fagure de h\u00e2rtie<\/a><\/li>\n<\/ul>\n<ul>\n<li><a href=\"https:\/\/www.airpackagingmachine.com\/ro_ro\/folie-de-hartie-cu-bule\/\" target=\"_blank\" rel=\"noopener\">Folie de h\u00e2rtie cu bule<\/a><\/li>\n<li><a href=\"https:\/\/www.airpackagingmachine.com\/ro_ro\/masina-de-bule-de-hartie\/\" target=\"_blank\" rel=\"noopener\">Ma\u0219in\u0103 de bule de h\u00e2rtie<\/a><\/li>\n<\/ul>\n<ul>\n<li><a href=\"https:\/\/www.airpackagingmachine.com\/ro_ro\/sac-de-transport-aerian\/\" target=\"_blank\" rel=\"noopener\">Saci de dunnaj<\/a><\/li>\n<li><a href=\"https:\/\/www.airpackagingmachine.com\/ro_ro\/umflator-pentru-saci-de-dunaj\/\" target=\"_blank\" rel=\"noopener\">Inflator pentru saci de transport<\/a><\/li>\n<\/ul>\n<ul>\n<li><a href=\"https:\/\/www.airpackagingmachine.com\/ro_ro\/folie-extensibila\/\" target=\"_blank\" rel=\"noopener\">Folie stretch<\/a><\/li>\n<li><a href=\"https:\/\/www.airpackagingmachine.com\/ro_ro\/masina-de-infasurat-paleti\/\" target=\"_blank\" rel=\"noopener\">Ma\u0219in\u0103 de \u00eenf\u0103\u0219urat pale\u021bi<\/a><\/li>\n<\/ul>\n<\/div><div class=\"fusion-clearfix\"><\/div><\/div><\/div><\/div><\/div>","protected":false},"excerpt":{"rendered":"","protected":false},"author":1,"featured_media":0,"parent":0,"menu_order":0,"comment_status":"closed","ping_status":"closed","template":"","meta":{"om_disable_all_campaigns":false,"_exactmetrics_skip_tracking":false,"_exactmetrics_sitenote_active":false,"_exactmetrics_sitenote_note":"","_exactmetrics_sitenote_category":0,"footnotes":""},"class_list":["post-53","page","type-page","status-publish","hentry"],"yoast_head":"<!-- This site is optimized with the Yoast SEO plugin v27.4 - https:\/\/yoast.com\/product\/yoast-seo-wordpress\/ -->\n<title>Site Map - AirPackagingMachine.com<\/title>\n<meta name=\"description\" content=\"Site Map of air cushion machine and bubble wrap protective packaging supplies\" \/>\n<meta name=\"robots\" content=\"index, follow, max-snippet:-1, max-image-preview:large, max-video-preview:-1\" \/>\n<link rel=\"canonical\" href=\"https:\/\/www.airpackagingmachine.com\/ro_ro\/harta-site-ului\/\" \/>\n<meta property=\"og:locale\" content=\"ro_RO\" \/>\n<meta property=\"og:type\" content=\"article\" \/>\n<meta property=\"og:title\" content=\"Site Map - AirPackagingMachine.com\" \/>\n<meta property=\"og:description\" content=\"Site Map of air cushion machine and bubble wrap protective packaging supplies\" \/>\n<meta property=\"og:url\" content=\"https:\/\/www.airpackagingmachine.com\/ro_ro\/harta-site-ului\/\" \/>\n<meta property=\"og:site_name\" content=\"AirPackagingMachine.com\" \/>\n<meta property=\"article:modified_time\" content=\"2025-02-23T11:25:19+00:00\" \/>\n<meta name=\"twitter:card\" content=\"summary_large_image\" \/>\n<meta name=\"twitter:label1\" content=\"Timp estimat pentru citire\" \/>\n\t<meta name=\"twitter:data1\" content=\"1 minut\" \/>\n<script type=\"application\/ld+json\" class=\"yoast-schema-graph\">{\"@context\":\"https:\\\/\\\/schema.org\",\"@graph\":[{\"@type\":\"WebPage\",\"@id\":\"https:\\\/\\\/www.airpackagingmachine.com\\\/site-map\\\/\",\"url\":\"https:\\\/\\\/www.airpackagingmachine.com\\\/site-map\\\/\",\"name\":\"Site Map - AirPackagingMachine.com\",\"isPartOf\":{\"@id\":\"https:\\\/\\\/www.airpackagingmachine.com\\\/#website\"},\"datePublished\":\"2018-12-11T07:48:58+00:00\",\"dateModified\":\"2025-02-23T11:25:19+00:00\",\"description\":\"Site Map of air cushion machine and bubble wrap protective packaging supplies\",\"breadcrumb\":{\"@id\":\"https:\\\/\\\/www.airpackagingmachine.com\\\/site-map\\\/#breadcrumb\"},\"inLanguage\":\"ro-RO\",\"potentialAction\":[{\"@type\":\"ReadAction\",\"target\":[\"https:\\\/\\\/www.airpackagingmachine.com\\\/site-map\\\/\"]}]},{\"@type\":\"BreadcrumbList\",\"@id\":\"https:\\\/\\\/www.airpackagingmachine.com\\\/site-map\\\/#breadcrumb\",\"itemListElement\":[{\"@type\":\"ListItem\",\"position\":1,\"name\":\"Home\",\"item\":\"https:\\\/\\\/www.airpackagingmachine.com\\\/\"},{\"@type\":\"ListItem\",\"position\":2,\"name\":\"Site Map\"}]},{\"@type\":\"WebSite\",\"@id\":\"https:\\\/\\\/www.airpackagingmachine.com\\\/#website\",\"url\":\"https:\\\/\\\/www.airpackagingmachine.com\\\/\",\"name\":\"AirPackagingMachine.com\",\"description\":\"Protective Packaging Materials and Machines Manufacturer and Supplier\",\"potentialAction\":[{\"@type\":\"SearchAction\",\"target\":{\"@type\":\"EntryPoint\",\"urlTemplate\":\"https:\\\/\\\/www.airpackagingmachine.com\\\/?s={search_term_string}\"},\"query-input\":{\"@type\":\"PropertyValueSpecification\",\"valueRequired\":true,\"valueName\":\"search_term_string\"}}],\"inLanguage\":\"ro-RO\"}]}<\/script>\n<!-- \/ Yoast SEO plugin. -->","yoast_head_json":{"title":"Harta site-ului - AirPackagingMachine.com","description":"Harta site-ului pentru ma\u0219ini cu perne de aer \u0219i ambalaje protectoare din folie cu bule","robots":{"index":"index","follow":"follow","max-snippet":"max-snippet:-1","max-image-preview":"max-image-preview:large","max-video-preview":"max-video-preview:-1"},"canonical":"https:\/\/www.airpackagingmachine.com\/ro_ro\/harta-site-ului\/","og_locale":"ro_RO","og_type":"article","og_title":"Site Map - AirPackagingMachine.com","og_description":"Site Map of air cushion machine and bubble wrap protective packaging supplies","og_url":"https:\/\/www.airpackagingmachine.com\/ro_ro\/harta-site-ului\/","og_site_name":"AirPackagingMachine.com","article_modified_time":"2025-02-23T11:25:19+00:00","twitter_card":"summary_large_image","twitter_misc":{"Timp estimat pentru citire":"1 minut"},"schema":{"@context":"https:\/\/schema.org","@graph":[{"@type":"WebPage","@id":"https:\/\/www.airpackagingmachine.com\/site-map\/","url":"https:\/\/www.airpackagingmachine.com\/site-map\/","name":"Harta site-ului - AirPackagingMachine.com","isPartOf":{"@id":"https:\/\/www.airpackagingmachine.com\/#website"},"datePublished":"2018-12-11T07:48:58+00:00","dateModified":"2025-02-23T11:25:19+00:00","description":"Harta site-ului pentru ma\u0219ini cu perne de aer \u0219i ambalaje protectoare din folie cu bule","breadcrumb":{"@id":"https:\/\/www.airpackagingmachine.com\/site-map\/#breadcrumb"},"inLanguage":"ro-RO","potentialAction":[{"@type":"ReadAction","target":["https:\/\/www.airpackagingmachine.com\/site-map\/"]}]},{"@type":"BreadcrumbList","@id":"https:\/\/www.airpackagingmachine.com\/site-map\/#breadcrumb","itemListElement":[{"@type":"ListItem","position":1,"name":"Home","item":"https:\/\/www.airpackagingmachine.com\/"},{"@type":"ListItem","position":2,"name":"Site Map"}]},{"@type":"WebSite","@id":"https:\/\/www.airpackagingmachine.com\/#website","url":"https:\/\/www.airpackagingmachine.com\/","name":"AirPackagingMachine.com","description":"Produc\u0103tor \u0219i furnizor de materiale \u0219i ma\u0219ini de ambalare protectoare","potentialAction":[{"@type":"SearchAction","target":{"@type":"EntryPoint","urlTemplate":"https:\/\/www.airpackagingmachine.com\/?s={search_term_string}"},"query-input":{"@type":"PropertyValueSpecification","valueRequired":true,"valueName":"search_term_string"}}],"inLanguage":"ro-RO"}]}},"_links":{"self":[{"href":"https:\/\/www.airpackagingmachine.com\/ro_ro\/wp-json\/wp\/v2\/pages\/53","targetHints":{"allow":["GET"]}}],"collection":[{"href":"https:\/\/www.airpackagingmachine.com\/ro_ro\/wp-json\/wp\/v2\/pages"}],"about":[{"href":"https:\/\/www.airpackagingmachine.com\/ro_ro\/wp-json\/wp\/v2\/types\/page"}],"author":[{"embeddable":true,"href":"https:\/\/www.airpackagingmachine.com\/ro_ro\/wp-json\/wp\/v2\/users\/1"}],"replies":[{"embeddable":true,"href":"https:\/\/www.airpackagingmachine.com\/ro_ro\/wp-json\/wp\/v2\/comments?post=53"}],"version-history":[{"count":18,"href":"https:\/\/www.airpackagingmachine.com\/ro_ro\/wp-json\/wp\/v2\/pages\/53\/revisions"}],"predecessor-version":[{"id":4698,"href":"https:\/\/www.airpackagingmachine.com\/ro_ro\/wp-json\/wp\/v2\/pages\/53\/revisions\/4698"}],"wp:attachment":[{"href":"https:\/\/www.airpackagingmachine.com\/ro_ro\/wp-json\/wp\/v2\/media?parent=53"}],"curies":[{"name":"wp","href":"https:\/\/api.w.org\/{rel}","templated":true}]}}