{"id":1179,"date":"2019-05-07T09:24:18","date_gmt":"2019-05-07T09:24:18","guid":{"rendered":"https:\/\/www.airpackagingmachine.com\/?page_id=1179"},"modified":"2025-11-06T09:23:13","modified_gmt":"2025-11-06T09:23:13","slug":"resurser","status":"publish","type":"page","link":"https:\/\/www.airpackagingmachine.com\/sv\/resources\/","title":{"rendered":"Resurser"},"content":{"rendered":"<p><div class=\"fusion-fullwidth fullwidth-box fusion-builder-row-1 nonhundred-percent-fullwidth non-hundred-percent-height-scrolling\" style=\"--awb-border-radius-top-left:0px;--awb-border-radius-top-right:0px;--awb-border-radius-bottom-right:0px;--awb-border-radius-bottom-left:0px;--awb-flex-wrap:wrap;\" ><div class=\"fusion-builder-row fusion-row\"><div class=\"fusion-layout-column fusion_builder_column fusion-builder-column-0 fusion_builder_column_1_1 1_1 fusion-one-full fusion-column-first fusion-column-last\" style=\"--awb-bg-size:cover;\"><div class=\"fusion-column-wrapper fusion-column-has-shadow fusion-flex-column-wrapper-legacy\"><div class=\"fusion-title title fusion-title-1 sep-underline sep-solid fusion-title-text fusion-title-size-two\"><h2 class=\"fusion-title-heading title-heading-left\" style=\"margin:0;\">Ladda ner den data du beh\u00f6ver nedan<\/h2><\/div><div class=\"fusion-text fusion-text-1\"><p>1,\u00a0 \u00a0 <a href=\"https:\/\/www.airpackagingmachine.com\/wp-content\/uploads\/2025\/04\/Catalog_Air-Packaging-Products-new_20250418.pdf\" target=\"_blank\" rel=\"noopener\">Katalog_Luftf\u00f6rpackningsprodukter (v4, ny, fullst\u00e4ndig)<\/a>\u00a0 \u00a0 \u00a0 \u00a0 \u00a0\/\u00a0 \u00a0 <a href=\"https:\/\/www.airpackagingmachine.com\/wp-content\/uploads\/2025\/07\/Catalog_Air-Packaging-Film-new_20250418-heat-seal-film-only.pdf\" target=\"_blank\" rel=\"noopener\">Katalog_Luftf\u00f6rpackningsfilm (v5, ny, endast v\u00e4rmef\u00f6rseglingsfilmer)<\/a><\/p>\n<p><a href=\"https:\/\/www.airpackagingmachine.com\/wp-content\/uploads\/2025\/04\/Catalog_Air-Packaging-Products-new_20250415.pdf\" target=\"_blank\" rel=\"noopener\">Katalog_Luftf\u00f6rpackningsprodukter (v3, ny)<\/a>\u00a0 \u00a0 \u00a0 \/<\/p>\n<p>2, F\u00f6retagsprofil (luftf\u00f6rpackningsprodukter) \/ F\u00f6retagsprofil (alla produkter)<\/p>\n<p>3, Specifikation<\/p>\n<ul>\n<li><a href=\"https:\/\/www.airpackagingmachine.com\/wp-content\/uploads\/2023\/08\/Spec_018N_Air-Cushion-Machine-Manual_EN_20230816-new.pdf\" target=\"_blank\" rel=\"noopener\">Specifikation_Manual f\u00f6r luftkuddemaskin_#BY-003 (018N)_SV (ny) <\/a>\u00a0 \u00a0 \/\u00a0 \u00a0<a href=\"https:\/\/www.airpackagingmachine.com\/wp-content\/uploads\/2023\/08\/Spec_018N_Air-Cushion-Machine-Manual_CN_20230816-new.pdf\" target=\"_blank\" rel=\"noopener\">Specifikation_Manual f\u00f6r luftkuddemaskin_#BY-003 (018N)_CN (ny)<\/a><\/li>\n<li><a href=\"https:\/\/www.airpackagingmachine.com\/wp-content\/uploads\/2019\/08\/Spec_BY-003_Air-Cushion-Machine-Manual_ENCN.pdf\" target=\"_blank\" rel=\"noopener noreferrer\">Specifikation_Manual f\u00f6r luftkuddemaskin_#BY-003 (018N)_Vit f\u00e4rg_SV+CN<\/a>\u00a0 \u00a0\/<\/li>\n<li>\u00a0<a href=\"https:\/\/www.airpackagingmachine.com\/wp-content\/uploads\/2019\/08\/Spec_018N_Air-Cushion-Machine-Manual_ENCN.pdf\" target=\"_blank\" rel=\"noopener noreferrer\">Specifikation_Manual f\u00f6r luftkuddemaskin_#BY-003 (018N)_Bl\u00e5 f\u00e4rg_SV+CN<\/a><\/li>\n<\/ul>\n<ul>\n<li><a href=\"https:\/\/www.airpackagingmachine.com\/wp-content\/uploads\/2022\/09\/Spec_H035_Air-Cushion-Machine-Manual_EN_20220820-new.pdf\" target=\"_blank\" rel=\"noopener\">Specifikation_Manual f\u00f6r luftkuddemaskin_#BY-004 (H035)_SV (ny)<\/a>\u00a0 \u00a0 \/\u00a0 \u00a0 <a href=\"https:\/\/www.airpackagingmachine.com\/wp-content\/uploads\/2022\/09\/Spec_H035_Air-Cushion-Machine-Manual_CN_20220820-new.pdf\" target=\"_blank\" rel=\"noopener\">Specifikation_Manual f\u00f6r luftkuddemaskin_#BY-004 (H035)_CN (ny)<\/a><\/li>\n<li><a href=\"https:\/\/www.airpackagingmachine.com\/wp-content\/uploads\/2019\/08\/Spec_H035_Air-Cushion-Machine-Manual_ENCN.pdf\" target=\"_blank\" rel=\"noopener noreferrer\">Specifikation_Manual f\u00f6r luftkuddemaskin_#BY-004 (H035)_SV+CN<\/a><\/li>\n<\/ul>\n<ul>\n<li><a href=\"https:\/\/www.airpackagingmachine.com\/wp-content\/uploads\/2021\/08\/Spec_Q15_Air-Cushion-Machine-Manual_EN_20210820-new-version.pdf\" target=\"_blank\" rel=\"noopener\">Specifikation_Manual f\u00f6r luftkuddemaskin_#Q15<\/a><\/li>\n<li><a href=\"https:\/\/www.airpackagingmachine.com\/wp-content\/uploads\/2019\/08\/Spec_Q020_Air-Cushion-Machine-Manual_ENCN.pdf\" target=\"_blank\" rel=\"noopener noreferrer\">Specifikation_Manual f\u00f6r luftkuddemaskin_#Q020<\/a><\/li>\n<li><a href=\"https:\/\/www.airpackagingmachine.com\/wp-content\/uploads\/2019\/08\/Spec_Q021_Air-Cushion-Machine-Manual_ENCN.pdf\" target=\"_blank\" rel=\"noopener noreferrer\">Specifikation_Manual f\u00f6r luftkuddemaskin_#Q021 (Q-p\u00e5se)<\/a><\/li>\n<\/ul>\n<p>4, Driftsvideor \u2013 Hur installeras och bl\u00e5ses en luftkuddemaskin upp?<\/p>\n<\/div><div class=\"fusion-clearfix\"><\/div><\/div><\/div><div class=\"fusion-layout-column fusion_builder_column fusion-builder-column-1 fusion_builder_column_1_2 1_2 fusion-one-half fusion-column-first\" style=\"--awb-bg-size:cover;width:50%;width:calc(50% - ( ( 4% ) * 0.5 ) );margin-right: 4%;\"><div class=\"fusion-column-wrapper fusion-column-has-shadow fusion-flex-column-wrapper-legacy\"><div class=\"fusion-video fusion-youtube\" style=\"--awb-max-width:500px;--awb-max-height:280px;\"><div class=\"video-shortcode\"><div class=\"fluid-width-video-wrapper\" style=\"padding-top:56%;\" ><iframe title=\"YouTube-videospelare 1\" src=\"https:\/\/www.youtube.com\/embed\/zhTdoFoT7bQ?wmode=transparent&autoplay=0&amp;rel=0&amp;showinfo=0\" width=\"500\" height=\"280\" allowfullscreen allow=\"autoplay; fullscreen\"><\/iframe><\/div><\/div><\/div><div class=\"fusion-text fusion-text-2\"><ul>\n<li>Luftkuddemaskin_#BY-003 (018N)<\/li>\n<\/ul>\n<\/div><div class=\"fusion-clearfix\"><\/div><\/div><\/div><div class=\"fusion-layout-column fusion_builder_column fusion-builder-column-2 fusion_builder_column_1_2 1_2 fusion-one-half fusion-column-last\" style=\"--awb-bg-size:cover;width:50%;width:calc(50% - ( ( 4% ) * 0.5 ) );\"><div class=\"fusion-column-wrapper fusion-column-has-shadow fusion-flex-column-wrapper-legacy\"><div class=\"fusion-video fusion-youtube\" style=\"--awb-max-width:500px;--awb-max-height:280px;\"><div class=\"video-shortcode\"><div class=\"fluid-width-video-wrapper\" style=\"padding-top:56%;\" ><iframe title=\"YouTube-videospelare 2\" src=\"https:\/\/www.youtube.com\/embed\/E28uVzZXNh4?wmode=transparent&autoplay=0&amp;rel=0&amp;showinfo=0\" width=\"500\" height=\"280\" allowfullscreen allow=\"autoplay; fullscreen\"><\/iframe><\/div><\/div><\/div><div class=\"fusion-text fusion-text-3\"><ul>\n<li>Luftkuddemaskin_#BY-004 (H035)<\/li>\n<\/ul>\n<\/div><div class=\"fusion-clearfix\"><\/div><\/div><\/div><div class=\"fusion-layout-column fusion_builder_column fusion-builder-column-3 fusion_builder_column_1_2 1_2 fusion-one-half fusion-column-first\" style=\"--awb-bg-size:cover;width:50%;width:calc(50% - ( ( 4% ) * 0.5 ) );margin-right: 4%;\"><div class=\"fusion-column-wrapper fusion-column-has-shadow fusion-flex-column-wrapper-legacy\"><div class=\"fusion-video fusion-youtube\" style=\"--awb-max-width:500px;--awb-max-height:280px;\"><div class=\"video-shortcode\"><div class=\"fluid-width-video-wrapper\" style=\"padding-top:56%;\" ><iframe title=\"YouTube-videospelare 3\" src=\"https:\/\/www.youtube.com\/embed\/Ohsur_hk9jk?wmode=transparent&autoplay=0&amp;rel=0&amp;showinfo=0\" width=\"500\" height=\"280\" allowfullscreen allow=\"autoplay; fullscreen\"><\/iframe><\/div><\/div><\/div><div class=\"fusion-text fusion-text-4\"><ul>\n<li>Luftkuddemaskin_#Q15<\/li>\n<\/ul>\n<\/div><div class=\"fusion-clearfix\"><\/div><\/div><\/div><div class=\"fusion-layout-column fusion_builder_column fusion-builder-column-4 fusion_builder_column_1_2 1_2 fusion-one-half fusion-column-last\" style=\"--awb-bg-size:cover;width:50%;width:calc(50% - ( ( 4% ) * 0.5 ) );\"><div class=\"fusion-column-wrapper fusion-column-has-shadow fusion-flex-column-wrapper-legacy\"><div class=\"fusion-video fusion-youtube\" style=\"--awb-max-width:500px;--awb-max-height:280px;\"><div class=\"video-shortcode\"><div class=\"fluid-width-video-wrapper\" style=\"padding-top:56%;\" ><iframe title=\"YouTube-videospelare 4\" src=\"https:\/\/www.youtube.com\/embed\/LhJl6dFlusU?wmode=transparent&autoplay=0&amp;rel=0&amp;showinfo=0\" width=\"500\" height=\"280\" allowfullscreen allow=\"autoplay; fullscreen\"><\/iframe><\/div><\/div><\/div><div class=\"fusion-text fusion-text-5\"><ul>\n<li>Luftkuddemaskin_#Q020<\/li>\n<\/ul>\n<\/div><div class=\"fusion-clearfix\"><\/div><\/div><\/div><div class=\"fusion-layout-column fusion_builder_column fusion-builder-column-5 fusion_builder_column_1_2 1_2 fusion-one-half fusion-column-first\" style=\"--awb-bg-size:cover;width:48%; margin-right: 4%;\"><div class=\"fusion-column-wrapper fusion-column-has-shadow fusion-flex-column-wrapper-legacy\"><div class=\"fusion-video fusion-youtube\" style=\"--awb-max-width:500px;--awb-max-height:280px;\"><div class=\"video-shortcode\"><div class=\"fluid-width-video-wrapper\" style=\"padding-top:56%;\" ><iframe title=\"YouTube-videospelare 5\" src=\"https:\/\/www.youtube.com\/embed\/9bZgqH-eIPk?wmode=transparent&autoplay=0&amp;rel=0&amp;showinfo=0\" width=\"500\" height=\"280\" allowfullscreen allow=\"autoplay; fullscreen\"><\/iframe><\/div><\/div><\/div><div class=\"fusion-text fusion-text-6\"><ul>\n<li>Luftkuddemaskin_#Q021<\/li>\n<\/ul>\n<\/div><div class=\"fusion-clearfix\"><\/div><\/div><\/div><div class=\"fusion-layout-column fusion_builder_column fusion-builder-column-6 fusion_builder_column_1_1 1_1 fusion-one-full fusion-column-last\" style=\"--awb-bg-size:cover;\"><div class=\"fusion-column-wrapper fusion-column-has-shadow fusion-flex-column-wrapper-legacy\"><div class=\"fusion-text fusion-text-7\"><p> 5, Workshopvideo <\/p>\n<\/div><div class=\"fusion-clearfix\"><\/div><\/div><\/div><div class=\"fusion-layout-column fusion_builder_column fusion-builder-column-7 fusion_builder_column_1_2 1_2 fusion-one-half fusion-column-first\" style=\"--awb-bg-size:cover;width:50%;width:calc(50% - ( ( 4% ) * 0.5 ) );margin-right: 4%;\"><div class=\"fusion-column-wrapper fusion-column-has-shadow fusion-flex-column-wrapper-legacy\"><div class=\"fusion-video fusion-youtube\" style=\"--awb-max-width:500px;--awb-max-height:280px;\"><div class=\"video-shortcode\"><div class=\"fluid-width-video-wrapper\" style=\"padding-top:56%;\" ><iframe title=\"YouTube-videospelare 6\" src=\"https:\/\/www.youtube.com\/embed\/WSP5hH0aG4g?wmode=transparent&autoplay=0&amp;rel=0&amp;showinfo=0\" width=\"500\" height=\"280\" allowfullscreen allow=\"autoplay; fullscreen\"><\/iframe><\/div><\/div><\/div><div class=\"fusion-text fusion-text-8\"><ul>\n<li>\u00a0Hur produceras luftkuddar f\u00f6r frakt?<\/li>\n<\/ul>\n<\/div><div class=\"fusion-clearfix\"><\/div><\/div><\/div><div class=\"fusion-layout-column fusion_builder_column fusion-builder-column-8 fusion_builder_column_1_2 1_2 fusion-one-half fusion-column-last\" style=\"--awb-bg-size:cover;width:50%;width:calc(50% - ( ( 4% ) * 0.5 ) );\"><div class=\"fusion-column-wrapper fusion-column-has-shadow fusion-flex-column-wrapper-legacy\"><div class=\"fusion-video fusion-youtube\" style=\"--awb-max-width:500px;--awb-max-height:280px;\"><div class=\"video-shortcode\"><div class=\"fluid-width-video-wrapper\" style=\"padding-top:56%;\" ><iframe title=\"YouTube-videospelare 7\" src=\"https:\/\/www.youtube.com\/embed\/B8taCHdLVBk?wmode=transparent&autoplay=0&amp;rel=0&amp;showinfo=0\" width=\"500\" height=\"280\" allowfullscreen allow=\"autoplay; fullscreen\"><\/iframe><\/div><\/div><\/div><div class=\"fusion-text fusion-text-9\"><ul>\n<li>Hur luftbubbelf\u00f6rpackning tillverkas \u2013 Luftkuddef\u00f6rpackning<\/li>\n<\/ul>\n<\/div><div class=\"fusion-clearfix\"><\/div><\/div><\/div><div class=\"fusion-layout-column fusion_builder_column fusion-builder-column-9 fusion_builder_column_1_2 1_2 fusion-one-half fusion-column-first\" style=\"--awb-bg-size:cover;width:50%;width:calc(50% - ( ( 4% ) * 0.5 ) );margin-right: 4%;\"><div class=\"fusion-column-wrapper fusion-column-has-shadow fusion-flex-column-wrapper-legacy\"><div class=\"fusion-video fusion-youtube\" style=\"--awb-max-width:500px;--awb-max-height:280px;\"><div class=\"video-shortcode\"><div class=\"fluid-width-video-wrapper\" style=\"padding-top:56%;\" ><iframe title=\"YouTube-videospelare 8\" src=\"https:\/\/www.youtube.com\/embed\/29lfn6-L_9o?wmode=transparent&autoplay=0&amp;rel=0&amp;showinfo=0\" width=\"500\" height=\"280\" allowfullscreen allow=\"autoplay; fullscreen\"><\/iframe><\/div><\/div><\/div><div class=\"fusion-text fusion-text-10\"><ul>\n<li>Hur kuddef\u00f6rpackningar tillverkas \u2013 Air Packaging<\/li>\n<\/ul>\n<\/div><div class=\"fusion-clearfix\"><\/div><\/div><\/div><div class=\"fusion-layout-column fusion_builder_column fusion-builder-column-10 fusion_builder_column_1_2 1_2 fusion-one-half fusion-column-last\" style=\"--awb-bg-size:cover;width:50%;width:calc(50% - ( ( 4% ) * 0.5 ) );\"><div class=\"fusion-column-wrapper fusion-column-has-shadow fusion-flex-column-wrapper-legacy\"><div class=\"fusion-video fusion-youtube\" style=\"--awb-max-width:500px;--awb-max-height:280px;\"><div class=\"video-shortcode\"><div class=\"fluid-width-video-wrapper\" style=\"padding-top:56%;\" ><iframe title=\"YouTube-videospelare 9\" src=\"https:\/\/www.youtube.com\/embed\/SXTFbCDPH2w?wmode=transparent&autoplay=0&amp;rel=0&amp;showinfo=0\" width=\"500\" height=\"280\" allowfullscreen allow=\"autoplay; fullscreen\"><\/iframe><\/div><\/div><\/div><div class=\"fusion-text fusion-text-11\"><ul>\n<li>Hur luftbubbelp\u00e5sen tillverkas \u2013 Skyddande f\u00f6rpackning<\/li>\n<\/ul>\n<\/div><div class=\"fusion-clearfix\"><\/div><\/div><\/div><div class=\"fusion-layout-column fusion_builder_column fusion-builder-column-11 fusion_builder_column_1_2 1_2 fusion-one-half fusion-column-first\" style=\"--awb-bg-size:cover;width:50%;width:calc(50% - ( ( 4% ) * 0.5 ) );margin-right: 4%;\"><div class=\"fusion-column-wrapper fusion-column-has-shadow fusion-flex-column-wrapper-legacy\"><div class=\"fusion-video fusion-youtube\" style=\"--awb-max-width:500px;--awb-max-height:280px;\"><div class=\"video-shortcode\"><div class=\"fluid-width-video-wrapper\" style=\"padding-top:56%;\" ><iframe title=\"YouTube-videospelare 10\" src=\"https:\/\/www.youtube.com\/embed\/4gUkM1gKclo?wmode=transparent&autoplay=0&amp;rel=0&amp;showinfo=0\" width=\"500\" height=\"280\" allowfullscreen allow=\"autoplay; fullscreen\"><\/iframe><\/div><\/div><\/div><div class=\"fusion-text fusion-text-12\"><ul>\n<li>Hur luftpelarrulle tillverkas \u2013 Luftpelarpackning<\/li>\n<\/ul>\n<\/div><div class=\"fusion-clearfix\"><\/div><\/div><\/div><div class=\"fusion-layout-column fusion_builder_column fusion-builder-column-12 fusion_builder_column_1_2 1_2 fusion-one-half fusion-column-last\" style=\"--awb-bg-size:cover;width:50%;width:calc(50% - ( ( 4% ) * 0.5 ) );\"><div class=\"fusion-column-wrapper fusion-column-has-shadow fusion-flex-column-wrapper-legacy\"><div class=\"fusion-video fusion-youtube\" style=\"--awb-max-width:500px;--awb-max-height:280px;\"><div class=\"video-shortcode\"><div class=\"fluid-width-video-wrapper\" style=\"padding-top:56%;\" ><iframe title=\"YouTube-videospelare 11\" src=\"https:\/\/www.youtube.com\/embed\/rPDKINtKDcY?wmode=transparent&autoplay=0&amp;rel=0&amp;showinfo=0\" width=\"500\" height=\"280\" allowfullscreen allow=\"autoplay; fullscreen\"><\/iframe><\/div><\/div><\/div><div class=\"fusion-text fusion-text-13\"><ul>\n<li>Hur luftpelarp\u00e5sen tillverkas \u2013 Vinflaskskydd<\/li>\n<\/ul>\n<\/div><div class=\"fusion-clearfix\"><\/div><\/div><\/div><\/div><\/div><div class=\"fusion-fullwidth fullwidth-box fusion-builder-row-2 nonhundred-percent-fullwidth non-hundred-percent-height-scrolling\" style=\"--awb-border-radius-top-left:0px;--awb-border-radius-top-right:0px;--awb-border-radius-bottom-right:0px;--awb-border-radius-bottom-left:0px;--awb-flex-wrap:wrap;\" ><div class=\"fusion-builder-row fusion-row\"><div class=\"fusion-layout-column fusion_builder_column fusion-builder-column-13 fusion_builder_column_1_1 1_1 fusion-one-full fusion-column-first fusion-column-last\" style=\"--awb-bg-size:cover;\"><div class=\"fusion-column-wrapper fusion-column-has-shadow fusion-flex-column-wrapper-legacy\"><div class=\"fusion-sep-clear\"><\/div><div class=\"fusion-separator fusion-full-width-sep\" style=\"margin-left: auto;margin-right: auto;margin-top:15px;margin-bottom:15px;width:100%;\"><\/div><div class=\"fusion-sep-clear\"><\/div><div class=\"fusion-clearfix\"><\/div><\/div><\/div><\/div><\/div><div class=\"fusion-fullwidth fullwidth-box fusion-builder-row-3 nonhundred-percent-fullwidth non-hundred-percent-height-scrolling\" style=\"--awb-border-radius-top-left:0px;--awb-border-radius-top-right:0px;--awb-border-radius-bottom-right:0px;--awb-border-radius-bottom-left:0px;--awb-flex-wrap:wrap;\" ><div class=\"fusion-builder-row fusion-row\"><div class=\"fusion-layout-column fusion_builder_column fusion-builder-column-14 fusion_builder_column_1_3 1_3 fusion-one-third fusion-column-first\" style=\"--awb-bg-size:cover;width:33.333333333333%;width:calc(33.333333333333% - ( ( 4% + 4% ) * 0.33333333333333 ) );margin-right: 4%;\"><div class=\"fusion-column-wrapper fusion-column-has-shadow fusion-flex-column-wrapper-legacy\"><div class=\"fusion-clearfix\"><\/div><\/div><\/div><div class=\"fusion-layout-column fusion_builder_column fusion-builder-column-15 fusion_builder_column_1_3 1_3 fusion-one-third\" style=\"--awb-bg-size:cover;width:33.333333333333%;width:calc(33.333333333333% - ( ( 4% + 4% ) * 0.33333333333333 ) );margin-right: 4%;\"><div class=\"fusion-column-wrapper fusion-column-has-shadow fusion-flex-column-wrapper-legacy\"><div class=\"fusion-button-wrapper\"><a class=\"fusion-button button-flat fusion-button-default-size button-default fusion-button-default button-1 fusion-button-default-span fusion-button-default-type\" target=\"_blank\" rel=\"noopener noreferrer\" href=\"https:\/\/www.airpackagingmachine.com\/sv\/kontakta-oss\/\"><span class=\"fusion-button-text\">Kontakta oss NU!<\/span><\/a><\/div><div class=\"fusion-clearfix\"><\/div><\/div><\/div><div class=\"fusion-layout-column fusion_builder_column fusion-builder-column-16 fusion_builder_column_1_3 1_3 fusion-one-third fusion-column-last\" style=\"--awb-bg-size:cover;width:33.333333333333%;width:calc(33.333333333333% - ( ( 4% + 4% ) * 0.33333333333333 ) );\"><div class=\"fusion-column-wrapper fusion-column-has-shadow fusion-flex-column-wrapper-legacy\"><div class=\"fusion-clearfix\"><\/div><\/div><\/div><\/div><\/div><\/p>","protected":false},"excerpt":{"rendered":"","protected":false},"author":1,"featured_media":0,"parent":0,"menu_order":0,"comment_status":"closed","ping_status":"closed","template":"","meta":{"om_disable_all_campaigns":false,"_exactmetrics_skip_tracking":false,"_exactmetrics_sitenote_active":false,"_exactmetrics_sitenote_note":"","_exactmetrics_sitenote_category":0,"footnotes":""},"class_list":["post-1179","page","type-page","status-publish","hentry"],"yoast_head":"<!-- This site is optimized with the Yoast SEO plugin v27.4 - https:\/\/yoast.com\/product\/yoast-seo-wordpress\/ -->\n<title>Resources of Air Packaging<\/title>\n<meta name=\"description\" content=\"Get the Resources (company profile \/ catalogue \/ specification &amp; operation video &amp; knowledge of air cushion machine \/ cushioning materials) about Air Cushion Packaging You Want.\" \/>\n<meta name=\"robots\" content=\"index, follow, max-snippet:-1, max-image-preview:large, max-video-preview:-1\" \/>\n<link rel=\"canonical\" href=\"https:\/\/www.airpackagingmachine.com\/sv\/resurser\/\" \/>\n<meta property=\"og:locale\" content=\"sv_SE\" \/>\n<meta property=\"og:type\" content=\"article\" \/>\n<meta property=\"og:title\" content=\"Resources of Air Packaging\" \/>\n<meta property=\"og:description\" content=\"Get the Resources (company profile \/ catalogue \/ specification &amp; operation video &amp; knowledge of air cushion machine \/ cushioning materials) about Air Cushion Packaging You Want.\" \/>\n<meta property=\"og:url\" content=\"https:\/\/www.airpackagingmachine.com\/sv\/resurser\/\" \/>\n<meta property=\"og:site_name\" content=\"AirPackagingMachine.com\" \/>\n<meta property=\"article:modified_time\" content=\"2025-11-06T09:23:13+00:00\" \/>\n<meta name=\"twitter:card\" content=\"summary_large_image\" \/>\n<meta name=\"twitter:label1\" content=\"Ber\u00e4knad l\u00e4stid\" \/>\n\t<meta name=\"twitter:data1\" content=\"1 minut\" \/>\n<script type=\"application\/ld+json\" class=\"yoast-schema-graph\">{\"@context\":\"https:\\\/\\\/schema.org\",\"@graph\":[{\"@type\":\"WebPage\",\"@id\":\"https:\\\/\\\/www.airpackagingmachine.com\\\/resources\\\/\",\"url\":\"https:\\\/\\\/www.airpackagingmachine.com\\\/resources\\\/\",\"name\":\"Resources of Air Packaging\",\"isPartOf\":{\"@id\":\"https:\\\/\\\/www.airpackagingmachine.com\\\/#website\"},\"datePublished\":\"2019-05-07T09:24:18+00:00\",\"dateModified\":\"2025-11-06T09:23:13+00:00\",\"description\":\"Get the Resources (company profile \\\/ catalogue \\\/ specification & operation video & knowledge of air cushion machine \\\/ cushioning materials) about Air Cushion Packaging You Want.\",\"breadcrumb\":{\"@id\":\"https:\\\/\\\/www.airpackagingmachine.com\\\/resources\\\/#breadcrumb\"},\"inLanguage\":\"sv-SE\",\"potentialAction\":[{\"@type\":\"ReadAction\",\"target\":[\"https:\\\/\\\/www.airpackagingmachine.com\\\/resources\\\/\"]}]},{\"@type\":\"BreadcrumbList\",\"@id\":\"https:\\\/\\\/www.airpackagingmachine.com\\\/resources\\\/#breadcrumb\",\"itemListElement\":[{\"@type\":\"ListItem\",\"position\":1,\"name\":\"Home\",\"item\":\"https:\\\/\\\/www.airpackagingmachine.com\\\/\"},{\"@type\":\"ListItem\",\"position\":2,\"name\":\"Resources\"}]},{\"@type\":\"WebSite\",\"@id\":\"https:\\\/\\\/www.airpackagingmachine.com\\\/#website\",\"url\":\"https:\\\/\\\/www.airpackagingmachine.com\\\/\",\"name\":\"AirPackagingMachine.com\",\"description\":\"Protective Packaging Materials and Machines Manufacturer and Supplier\",\"potentialAction\":[{\"@type\":\"SearchAction\",\"target\":{\"@type\":\"EntryPoint\",\"urlTemplate\":\"https:\\\/\\\/www.airpackagingmachine.com\\\/?s={search_term_string}\"},\"query-input\":{\"@type\":\"PropertyValueSpecification\",\"valueRequired\":true,\"valueName\":\"search_term_string\"}}],\"inLanguage\":\"sv-SE\"}]}<\/script>\n<!-- \/ Yoast SEO plugin. -->","yoast_head_json":{"title":"Resurser f\u00f6r luftf\u00f6rpackningar","description":"F\u00e5 resurserna (f\u00f6retagsprofil \/ katalog \/ specifikation och driftsvideo samt kunskap om luftkuddemaskiner \/ d\u00e4mpningsmaterial) om de luftkuddef\u00f6rpackningar du vill ha.","robots":{"index":"index","follow":"follow","max-snippet":"max-snippet:-1","max-image-preview":"max-image-preview:large","max-video-preview":"max-video-preview:-1"},"canonical":"https:\/\/www.airpackagingmachine.com\/sv\/resurser\/","og_locale":"sv_SE","og_type":"article","og_title":"Resources of Air Packaging","og_description":"Get the Resources (company profile \/ catalogue \/ specification & operation video & knowledge of air cushion machine \/ cushioning materials) about Air Cushion Packaging You Want.","og_url":"https:\/\/www.airpackagingmachine.com\/sv\/resurser\/","og_site_name":"AirPackagingMachine.com","article_modified_time":"2025-11-06T09:23:13+00:00","twitter_card":"summary_large_image","twitter_misc":{"Ber\u00e4knad l\u00e4stid":"1 minut"},"schema":{"@context":"https:\/\/schema.org","@graph":[{"@type":"WebPage","@id":"https:\/\/www.airpackagingmachine.com\/resources\/","url":"https:\/\/www.airpackagingmachine.com\/resources\/","name":"Resurser f\u00f6r luftf\u00f6rpackningar","isPartOf":{"@id":"https:\/\/www.airpackagingmachine.com\/#website"},"datePublished":"2019-05-07T09:24:18+00:00","dateModified":"2025-11-06T09:23:13+00:00","description":"F\u00e5 resurserna (f\u00f6retagsprofil \/ katalog \/ specifikation och driftsvideo samt kunskap om luftkuddemaskiner \/ d\u00e4mpningsmaterial) om de luftkuddef\u00f6rpackningar du vill ha.","breadcrumb":{"@id":"https:\/\/www.airpackagingmachine.com\/resources\/#breadcrumb"},"inLanguage":"sv-SE","potentialAction":[{"@type":"ReadAction","target":["https:\/\/www.airpackagingmachine.com\/resources\/"]}]},{"@type":"BreadcrumbList","@id":"https:\/\/www.airpackagingmachine.com\/resources\/#breadcrumb","itemListElement":[{"@type":"ListItem","position":1,"name":"Home","item":"https:\/\/www.airpackagingmachine.com\/"},{"@type":"ListItem","position":2,"name":"Resources"}]},{"@type":"WebSite","@id":"https:\/\/www.airpackagingmachine.com\/#website","url":"https:\/\/www.airpackagingmachine.com\/","name":"AirPackagingMachine.com","description":"Tillverkare och leverant\u00f6r av skyddande f\u00f6rpackningsmaterial och maskiner","potentialAction":[{"@type":"SearchAction","target":{"@type":"EntryPoint","urlTemplate":"https:\/\/www.airpackagingmachine.com\/?s={search_term_string}"},"query-input":{"@type":"PropertyValueSpecification","valueRequired":true,"valueName":"search_term_string"}}],"inLanguage":"sv-SE"}]}},"_links":{"self":[{"href":"https:\/\/www.airpackagingmachine.com\/sv\/wp-json\/wp\/v2\/pages\/1179","targetHints":{"allow":["GET"]}}],"collection":[{"href":"https:\/\/www.airpackagingmachine.com\/sv\/wp-json\/wp\/v2\/pages"}],"about":[{"href":"https:\/\/www.airpackagingmachine.com\/sv\/wp-json\/wp\/v2\/types\/page"}],"author":[{"embeddable":true,"href":"https:\/\/www.airpackagingmachine.com\/sv\/wp-json\/wp\/v2\/users\/1"}],"replies":[{"embeddable":true,"href":"https:\/\/www.airpackagingmachine.com\/sv\/wp-json\/wp\/v2\/comments?post=1179"}],"version-history":[{"count":100,"href":"https:\/\/www.airpackagingmachine.com\/sv\/wp-json\/wp\/v2\/pages\/1179\/revisions"}],"predecessor-version":[{"id":4811,"href":"https:\/\/www.airpackagingmachine.com\/sv\/wp-json\/wp\/v2\/pages\/1179\/revisions\/4811"}],"wp:attachment":[{"href":"https:\/\/www.airpackagingmachine.com\/sv\/wp-json\/wp\/v2\/media?parent=1179"}],"curies":[{"name":"wp","href":"https:\/\/api.w.org\/{rel}","templated":true}]}}